{"id":791,"date":"2014-03-13T14:27:11","date_gmt":"2014-03-13T13:27:11","guid":{"rendered":"https:\/\/fxm-consultant.com\/?page_id=791"},"modified":"2014-03-13T16:02:54","modified_gmt":"2014-03-13T15:02:54","slug":"accueil","status":"publish","type":"page","link":"https:\/\/www.fxm-consultant.com\/fr\/","title":{"rendered":"Accueil"},"content":{"rendered":"","protected":false},"excerpt":{"rendered":"","protected":false},"author":2,"featured_media":0,"parent":0,"menu_order":0,"comment_status":"open","ping_status":"open","template":"page-accueil.php","meta":{"_acf_changed":false,"footnotes":""},"class_list":["post-791","page","type-page","status-publish","hentry"],"acf":[],"yoast_head":"<!-- This site is optimized with the Yoast SEO plugin v27.4 - https:\/\/yoast.com\/product\/yoast-seo-wordpress\/ -->\n<title>FXM Consultant \/ Conseil en Strat\u00e9gie de Marques, de Licences et ...<\/title>\n<meta name=\"description\" content=\"Site \u00e0 propos de Fran\u00e7ois-Xavier-de-Monts. Consultant en Strat\u00e9gie de Marques, de Licences et de Distribution\" \/>\n<meta name=\"robots\" content=\"index, follow, max-snippet:-1, max-image-preview:large, max-video-preview:-1\" \/>\n<link rel=\"canonical\" href=\"https:\/\/www.fxm-consultant.com\/fr\/\" \/>\n<meta property=\"og:locale\" content=\"fr_FR\" \/>\n<meta property=\"og:type\" content=\"article\" \/>\n<meta property=\"og:title\" content=\"FXM Consultant \/ Conseil en Strat\u00e9gie de Marques, de Licences et ...\" \/>\n<meta property=\"og:description\" content=\"Site \u00e0 propos de Fran\u00e7ois-Xavier-de-Monts. Consultant en Strat\u00e9gie de Marques, de Licences et de Distribution\" \/>\n<meta property=\"og:url\" content=\"https:\/\/www.fxm-consultant.com\/fr\/\" \/>\n<meta property=\"og:site_name\" content=\"FXM Consultant\" \/>\n<meta property=\"article:modified_time\" content=\"2014-03-13T15:02:54+00:00\" \/>\n<script type=\"application\/ld+json\" class=\"yoast-schema-graph\">{\"@context\":\"https:\\\/\\\/schema.org\",\"@graph\":[{\"@type\":\"WebPage\",\"@id\":\"https:\\\/\\\/www.fxm-consultant.com\\\/fr\\\/\",\"url\":\"https:\\\/\\\/www.fxm-consultant.com\\\/fr\\\/\",\"name\":\"FXM Consultant \\\/ Conseil en Strat\u00e9gie de Marques, de Licences et ...\",\"isPartOf\":{\"@id\":\"https:\\\/\\\/www.fxm-consultant.com\\\/#website\"},\"datePublished\":\"2014-03-13T13:27:11+00:00\",\"dateModified\":\"2014-03-13T15:02:54+00:00\",\"description\":\"Site \u00e0 propos de Fran\u00e7ois-Xavier-de-Monts. Consultant en Strat\u00e9gie de Marques, de Licences et de Distribution\",\"inLanguage\":\"fr-FR\",\"potentialAction\":[{\"@type\":\"ReadAction\",\"target\":[\"https:\\\/\\\/www.fxm-consultant.com\\\/fr\\\/\"]}]},{\"@type\":\"WebSite\",\"@id\":\"https:\\\/\\\/www.fxm-consultant.com\\\/#website\",\"url\":\"https:\\\/\\\/www.fxm-consultant.com\\\/\",\"name\":\"FXM Consultant\",\"description\":\"Conseil en Strat\u00e9gie de Marques, de Licences et de Distribution\",\"potentialAction\":[{\"@type\":\"SearchAction\",\"target\":{\"@type\":\"EntryPoint\",\"urlTemplate\":\"https:\\\/\\\/www.fxm-consultant.com\\\/?s={search_term_string}\"},\"query-input\":{\"@type\":\"PropertyValueSpecification\",\"valueRequired\":true,\"valueName\":\"search_term_string\"}}],\"inLanguage\":\"fr-FR\"}]}<\/script>\n<!-- \/ Yoast SEO plugin. -->","yoast_head_json":{"title":"FXM Consultant \/ Conseil en Strat\u00e9gie de Marques, de Licences et ...","description":"Site \u00e0 propos de Fran\u00e7ois-Xavier-de-Monts. Consultant en Strat\u00e9gie de Marques, de Licences et de Distribution","robots":{"index":"index","follow":"follow","max-snippet":"max-snippet:-1","max-image-preview":"max-image-preview:large","max-video-preview":"max-video-preview:-1"},"canonical":"https:\/\/www.fxm-consultant.com\/fr\/","og_locale":"fr_FR","og_type":"article","og_title":"FXM Consultant \/ Conseil en Strat\u00e9gie de Marques, de Licences et ...","og_description":"Site \u00e0 propos de Fran\u00e7ois-Xavier-de-Monts. Consultant en Strat\u00e9gie de Marques, de Licences et de Distribution","og_url":"https:\/\/www.fxm-consultant.com\/fr\/","og_site_name":"FXM Consultant","article_modified_time":"2014-03-13T15:02:54+00:00","schema":{"@context":"https:\/\/schema.org","@graph":[{"@type":"WebPage","@id":"https:\/\/www.fxm-consultant.com\/fr\/","url":"https:\/\/www.fxm-consultant.com\/fr\/","name":"FXM Consultant \/ Conseil en Strat\u00e9gie de Marques, de Licences et ...","isPartOf":{"@id":"https:\/\/www.fxm-consultant.com\/#website"},"datePublished":"2014-03-13T13:27:11+00:00","dateModified":"2014-03-13T15:02:54+00:00","description":"Site \u00e0 propos de Fran\u00e7ois-Xavier-de-Monts. Consultant en Strat\u00e9gie de Marques, de Licences et de Distribution","inLanguage":"fr-FR","potentialAction":[{"@type":"ReadAction","target":["https:\/\/www.fxm-consultant.com\/fr\/"]}]},{"@type":"WebSite","@id":"https:\/\/www.fxm-consultant.com\/#website","url":"https:\/\/www.fxm-consultant.com\/","name":"FXM Consultant","description":"Conseil en Strat\u00e9gie de Marques, de Licences et de Distribution","potentialAction":[{"@type":"SearchAction","target":{"@type":"EntryPoint","urlTemplate":"https:\/\/www.fxm-consultant.com\/?s={search_term_string}"},"query-input":{"@type":"PropertyValueSpecification","valueRequired":true,"valueName":"search_term_string"}}],"inLanguage":"fr-FR"}]}},"_links":{"self":[{"href":"https:\/\/www.fxm-consultant.com\/fr\/wp-json\/wp\/v2\/pages\/791","targetHints":{"allow":["GET"]}}],"collection":[{"href":"https:\/\/www.fxm-consultant.com\/fr\/wp-json\/wp\/v2\/pages"}],"about":[{"href":"https:\/\/www.fxm-consultant.com\/fr\/wp-json\/wp\/v2\/types\/page"}],"author":[{"embeddable":true,"href":"https:\/\/www.fxm-consultant.com\/fr\/wp-json\/wp\/v2\/users\/2"}],"replies":[{"embeddable":true,"href":"https:\/\/www.fxm-consultant.com\/fr\/wp-json\/wp\/v2\/comments?post=791"}],"version-history":[{"count":0,"href":"https:\/\/www.fxm-consultant.com\/fr\/wp-json\/wp\/v2\/pages\/791\/revisions"}],"wp:attachment":[{"href":"https:\/\/www.fxm-consultant.com\/fr\/wp-json\/wp\/v2\/media?parent=791"}],"curies":[{"name":"wp","href":"https:\/\/api.w.org\/{rel}","templated":true}]}}